{"id":7641,"date":"2024-06-19T19:05:27","date_gmt":"2024-06-19T15:05:27","guid":{"rendered":"https:\/\/new.netconnect.ge\/?post_type=product&#038;p=7641"},"modified":"2024-06-19T19:10:51","modified_gmt":"2024-06-19T15:10:51","slug":"dhi-nvr4104hs-p-4ks2-4-arkhini-video-chamtseri-copy-cop","status":"publish","type":"product","link":"https:\/\/netconnect.ge\/ka\/product\/dhi-nvr4104hs-p-4ks2-4-arkhini-video-chamtseri-copy-cop\/","title":{"rendered":"DHI-NVR4104HS-P-4KS2- 4 \u10d0\u10e0\u10ee\u10d8\u10dc\u10d8 \u10d5\u10d8\u10d3\u10d4\u10dd \u10e9\u10d0\u10db\u10ec\u10d4\u10e0\u10d8"},"content":{"rendered":"<p class=\"text-md mb-4\"><span style=\"color: #000000\"><b>\u10d9\u10dd\u10d3\u10d8:\u00a0 <\/b>15638<\/span><\/p>\n<p class=\"text-md\"><span style=\"color: #000000\"><strong>\u10d1\u10e0\u10d4\u10dc\u10d3\u10d8:\u00a0 <span style=\"color: #ff0000\">Dahua<\/span><\/strong><\/span><\/p>\n<p><span style=\"color: #000000\"><b>\u10db\u10dd\u10d3\u10d4\u10da\u10d8:<\/b> DHI-NVR4104HS-P-4KS2<\/span><\/p>\n","protected":false},"excerpt":{"rendered":"<p class=\"text-md mb-4\"><span style=\"color: #000000\">\u00a0 DHI-NVR4104HS-P-4KS2 \u10e5\u10e1\u10d4\u10da\u10e3\u10e0\u10d8 \u10d5\u10d8\u10d3\u10d4\u10dd \u10e9\u10d0\u10db\u10ec\u10d4\u10e0\u10d8 \u10e3\u10d6\u10e0\u10e3\u10dc\u10d5\u10d4\u10da\u10e7\u10dd\u10e4\u10e1 \u10e9\u10d0\u10ec\u10d4\u10e0\u10d8\u10e1 \u10db\u10d0\u10e6\u10d0\u10da \u10ee\u10d0\u10e0\u10d8\u10e1\u10ee\u10e1, \u10d0\u10e5\u10d5\u10e1 \u10db\u10eb\u10da\u10d0\u10d5\u10e0\u10d8 \u10de\u10e0\u10dd\u10ea\u10d4\u10e1\u10dd\u10e0\u10d8, \u10e0\u10dd\u10db\u10d4\u10da\u10d8\u10ea \u10e3\u10d6\u10e0\u10e3\u10dc\u10d5\u10d4\u10da\u10e7\u10dd\u10e4\u10e1 4K \u10d2\u10d0\u10e0\u10e9\u10d4\u10d5\u10d0\u10d3\u10dd\u10d1\u10d8\u10e1 \u10d3\u10d0\u10db\u10e3\u10e8\u10d0\u10d5\u10d4\u10d1\u10d8\u10e1 \u10e8\u10d4\u10e1\u10d0\u10eb\u10da\u10d4\u10d1\u10da\u10dd\u10d1\u10d0\u10e1. \u10db\u10d8\u10e1\u10d8 \u10db\u10d0\u10e0\u10e2\u10d8\u10d5\u10d8 \u10d8\u10dc\u10e1\u10e2\u10d0\u10da\u10d0\u10ea\u10d8\u10d8\u10e1\u00a0 \u10d3\u10d0 \u10d3\u10d8\u10d6\u10d0\u10d8\u10dc\u10d8\u10e1 \u10d2\u10d0\u10db\u10dd NVR \u10d8\u10d3\u10d4\u10d0\u10da\u10e3\u10e0\u10d8\u10d0 \u10db\u10dd\u10db\u10ee\u10db\u10d0\u10e0\u10d4\u10d1\u10da\u10d4\u10d1\u10d8\u10e1 \u10e4\u10d0\u10e0\u10d7\u10dd \u10e1\u10de\u10d4\u10e5\u10e2\u10e0\u10d8\u10e1\u10d7\u10d5\u10d8\u10e1, \u10db\u10d0\u10e1 \u10d0\u10e5\u10d5\u10e1 \u10e6\u10d8\u10d0 \u10d0\u10e0\u10e5\u10d8\u10e2\u10d4\u10e5\u10e2\u10e3\u10e0\u10d0 , \u10e0\u10dd\u10db\u10d4\u10da\u10d8\u10ea \u10db\u10ee\u10d0\u10e0\u10e1 \u10e3\u10ed\u10d4\u10e0\u10e1 \u10db\u10e0\u10d0\u10d5\u10d0\u10da \u10db\u10dd\u10db\u10ee\u10db\u10d0\u10e0\u10d4\u10d1\u10da\u10d8\u10e1 \u10ec\u10d5\u10d3\u10dd\u10db\u10d0\u10e1 \u10d3\u10d0 \u10d7\u10d0\u10d5\u10e1\u10d4\u10d1\u10d0\u10d3\u10d8\u10d0 ONVIF 2.4 \u10de\u10e0\u10dd\u10e2\u10dd\u10d9\u10dd\u10da\u10d7\u10d0\u10dc, \u10e0\u10d0\u10ea \u10e3\u10d6\u10e0\u10e3\u10dc\u10d5\u10d4\u10da\u10e7\u10dd\u10e4\u10e1 \u10d7\u10d0\u10d5\u10e1\u10d4\u10d1\u10d0\u10d3\u10dd\u10d1\u10d0\u10e1 4K \u10d9\u10d0\u10db\u10d4\u10e0\u10d4\u10d1\u10d7\u10d0\u10dc.<\/span><\/p>\n<p>&nbsp;<\/p>\n<p>&nbsp;<\/p>\n<p><span style=\"color: #0000ff\"><strong><u>\u00a0 \u00a0 \u00a0 \u10eb\u10d8\u10e0\u10d8\u10d7\u10d0\u10d3\u10d8 \u10db\u10d0\u10ee\u10d0\u10e1\u10d8\u10d0\u10d7\u10d4\u10d1\u10da\u10d4\u10d1\u10d8:<\/u><\/strong><\/span><\/p>\n<ul>\n<li><span style=\"color: #000000\"><strong>\u10d0\u10e0\u10ee\u10d4\u10d1\u10d8\u10e1 \u10e0\u10d0\u10dd\u10d3\u10d4\u10dc\u10dd\u10d1\u10d0:<\/strong> 64 \u10d0\u10e0\u10ee\u10d8<\/span><\/li>\n<li><span style=\"color: #000000\"><strong>Smart:<\/strong> H.265+\/H.265\/Smart H.264+\/H.264\/MJPEG<\/span><\/li>\n<li><span style=\"color: #000000\"><strong>\u10e8\u10d4\u10e7\u10d5\u10d0\u10dc\u10d8\u10e1 \u10db\u10d0\u10e5\u10e1.\u10dc\u10d0\u10d9\u10d0\u10d3\u10d8: <\/strong> 320 Mbps<\/span><\/li>\n<li><span style=\"color: #000000\"><strong>\u10db\u10d0\u10e5.\u10d2\u10d0\u10e0\u10e9\u10d4\u10d5\u10d0\u10d3\u10dd\u10d1\u10d0:<\/strong> 12MP<\/span><\/li>\n<li><span style=\"color: #000000\"><strong>\u10de\u10e0\u10dd\u10ea\u10d4\u10e1\u10dd\u10e0\u10d8:<\/strong> \u10e9\u10d0\u10e8\u10d4\u10dc\u10d4\u10d1\u10e3\u10da\u10d8 4 \u10d1\u10d8\u10e0\u10d7\u10d5\u10d8\u10d0\u10dc\u10d8<\/span><\/li>\n<li><span style=\"color: #000000\">\u10dd\u10de\u10d4\u10e0\u10d0\u10ea\u10d8\u10e3\u10da\u10d8 \u10e1\u10d8\u10e1\u10e2\u10d4\u10db\u10d0 \u10e9\u10d0\u10e8\u10d4\u10dc\u10d4\u10d1\u10e3\u10da\u10d8 LINUX OS<\/span><\/li>\n<li><span style=\"color: #000000\"><strong>HDMI1:<\/strong> 3840\u00d72160, 1920\u00d71080, 1280\u00d71024, 1280\u00d7720, 1024\u00d7768<\/span><\/li>\n<li><span style=\"color: #000000\"><strong>VGA1:<\/strong> 1920\u00d71080, 1280\u00d71024, 1280\u00d7720, 1024\u00d7768<\/span><\/li>\n<\/ul>\n","protected":false},"featured_media":7634,"template":"","meta":[],"product_cat":[362,373,380],"product_tag":[],"class_list":{"0":"post-7641","1":"product","2":"type-product","3":"status-publish","4":"has-post-thumbnail","6":"product_cat-qhvela-produqtsia","7":"product_cat-samethvalqhureo-sistemebi","8":"product_cat-nvr-chamtserebi","10":"first","11":"instock","12":"featured","13":"virtual","14":"purchasable","15":"product-type-simple"},"_links":{"self":[{"href":"https:\/\/netconnect.ge\/ka\/wp-json\/wp\/v2\/product\/7641","targetHints":{"allow":["GET"]}}],"collection":[{"href":"https:\/\/netconnect.ge\/ka\/wp-json\/wp\/v2\/product"}],"about":[{"href":"https:\/\/netconnect.ge\/ka\/wp-json\/wp\/v2\/types\/product"}],"wp:featuredmedia":[{"embeddable":true,"href":"https:\/\/netconnect.ge\/ka\/wp-json\/wp\/v2\/media\/7634"}],"wp:attachment":[{"href":"https:\/\/netconnect.ge\/ka\/wp-json\/wp\/v2\/media?parent=7641"}],"wp:term":[{"taxonomy":"product_cat","embeddable":true,"href":"https:\/\/netconnect.ge\/ka\/wp-json\/wp\/v2\/product_cat?post=7641"},{"taxonomy":"product_tag","embeddable":true,"href":"https:\/\/netconnect.ge\/ka\/wp-json\/wp\/v2\/product_tag?post=7641"}],"curies":[{"name":"wp","href":"https:\/\/api.w.org\/{rel}","templated":true}]}}