{"id":7987,"date":"2024-07-01T20:41:42","date_gmt":"2024-07-01T16:41:42","guid":{"rendered":"https:\/\/new.netconnect.ge\/?post_type=product&#038;p=7987"},"modified":"2024-08-21T11:15:21","modified_gmt":"2024-08-21T07:15:21","slug":"ydc3320s-utsqhveti-kvebis-tsqharo-20kva-18kw-on-line-towe","status":"publish","type":"product","link":"https:\/\/netconnect.ge\/ka\/product\/ydc3320s-utsqhveti-kvebis-tsqharo-20kva-18kw-on-line-towe\/","title":{"rendered":"YDC3320S- \u10e3\u10ec\u10e7\u10d5\u10d4\u10e2\u10d8 \u10d9\u10d5\u10d4\u10d1\u10d8\u10e1 \u10ec\u10e7\u10d0\u10e0\u10dd &#8211; 20KVA\/18KW On-line Tower 3:3 \u10e4\u10d0\u10d6\u10d0"},"content":{"rendered":"<p><span style=\"color: #000000\"><strong>\u10db\u10dd\u10d3\u10d4\u10da\u10d8:\u00a0<\/strong><span id=\"product_model\">YDC3320S<\/span><\/span><br \/>\n<strong><span style=\"color: #000000\">\u10d9\u10dd\u10d3\u10d8:<\/span><\/strong><span style=\"color: #000000\">197564<\/span><br \/>\n<span style=\"color: #000000\"><strong>\u10d1\u10e0\u10d4\u10dc\u10d3\u10d8:<\/strong>\u00a0KSTAR<\/span><\/p>\n","protected":false},"excerpt":{"rendered":"<p>Y<span style=\"color: #000000\">DC3300 \u10e1\u10d4\u10e0\u10d8\u10d8\u10e1 UPS \u10d0\u10e0\u10d8\u10e1 \u10e1\u10d0\u10db\u10e4\u10d0\u10d6\u10d8\u10d0\u10dc\u10d8 \u10db\u10d0\u10e6\u10d0\u10da\u10d8 \u10e1\u10d8\u10ee\u10e8\u10d8\u10e0\u10d8\u10e1 UPS \u10e1\u10d0\u10e8\u10e3\u10d0\u10da\u10dd \u10d3\u10d0 \u10d3\u10d8\u10d3\u10d8 \u10e1\u10d8\u10db\u10eb\u10da\u10d0\u10d5\u10e0\u10d8\u10d7. \u10d0\u10e6\u10ed\u10e3\u10e0\u10d5\u10d8\u10da\u10d8\u10d0 \u10e1\u10d0\u10db\u10d3\u10dd\u10dc\u10d8\u10d0\u10dc\u10d8 \u10d8\u10dc\u10d5\u10d4\u10e0\u10e2\u10dd\u10e0\u10e3\u10da\u10d8 \u10e2\u10dd\u10de\u10dd\u10da\u10dd\u10d2\u10d8\u10d8\u10d7, \u10d8\u10e1 \u10d8\u10d9\u10d0\u10d5\u10d4\u10d1\u10e1 \u10ec\u10d0\u10db\u10e7\u10d5\u10d0\u10dc \u10de\u10dd\u10d6\u10d8\u10ea\u10d8\u10d0\u10e1 UPS \u10d8\u10dc\u10d3\u10e3\u10e1\u10e2\u10e0\u10d8\u10d0\u10e8\u10d8. \u10d8\u10e1 \u10d0\u10e0\u10d8\u10e1 \u10d7\u10e5\u10d5\u10d4\u10dc\u10d8 \u10e1\u10d0\u10e3\u10d9\u10d4\u10d7\u10d4\u10e1\u10dd \u10d0\u10e0\u10e9\u10d4\u10d5\u10d0\u10dc\u10d8 \u10db\u10d0\u10e6\u10d0\u10da\u10d8\u00a0 \u10e1\u10d0\u10d8\u10dc\u10d5\u10d4\u10e1\u10e2\u10d8\u10ea\u10d8\u10dd \u10d2\u10d0\u10dc\u10d0\u10d9\u10d5\u10d4\u10d7\u10d8\u10d7.<\/span><\/p>\n<p>&nbsp;<\/p>\n<p>&nbsp;<\/p>\n<p>&nbsp;<\/p>\n<p><span style=\"color: #0000ff\"><strong><u>\u00a0 \u00a0 \u00a0 \u00a0 \u00a0 \u00a0 \u1ca2\u10d4\u10e5\u10dc\u10d8\u10d9\u10e3\u10e0\u10d8 \u10e1\u10de\u10d4\u10ea\u10d8\u10e4\u10d8\u10d9\u10d0\u10ea\u10d8<\/u><\/strong><\/span><\/p>\n<ul>\n<li><span style=\"color: #000000\"><strong>\u10e3\u10ec\u10e7\u10d5\u10d4\u10e2\u10d8 \u10d9\u10d5\u10d4\u10d1\u10d8\u10e1 \u10ec\u10e7\u10d0\u10e0\u10dd\u10e1 \u10d9\u10d0\u10d1\u10d4\u10da\u10d4\u10d1\u10d8\u10e1 \u10d2\u10d0\u10dc\u10d8\u10d5\u10d9\u10d5\u10d4\u10d7\u10d4\u10d1\u10d8\u10e1 \u10e8\u10d4\u10e0\u10e9\u10d4\u10d5\u10d0 (3 \u10e4\u10d0\u10d6\u10d0)<\/strong><\/span><strong>\u00a0 \u00a0 \u00a0 \u00a0<\/strong><\/li>\n<li><span style=\"color: #000000\"><strong>\u10e8\u10d4\u10db\u10d0\u10d5\u10d0\u10da\u10d8AC(mm2):<\/strong> \u00a0<strong>8<\/strong><\/span><\/li>\n<li><span style=\"color: #000000\"><strong>\u10d2\u10d0\u10db\u10dd\u10db\u10d0\u10d5\u10d0\u10da\u10d8AC(mm2):\u00a0 8<\/strong><\/span><\/li>\n<li><span style=\"color: #000000\"><strong>\u10d0\u10d9\u10e3\u10db\u10e3\u10da\u10d0\u10e2\u10dd\u10e0\u10d4\u10d1\u10d8DC(mm2):\u00a0 20<\/strong><\/span><\/li>\n<li><span style=\"color: #000000\"><strong>\u10d3\u10d0\u10db\u10d8\u10ec\u10d4\u10d1\u10d0(mm2): 8<\/strong><\/span><\/li>\n<li><span style=\"color: #000000\"><strong>\u10e1\u10d8\u10db\u10eb\u10da\u10d0\u10d5\u10e0\u10d4:<\/strong> 20k<\/span><\/li>\n<li><span style=\"color: #000000\"><strong>\u10dc\u10dd\u10db\u10d8\u10dc\u10d0\u10da\u10e3\u10e0\u10d8 \u10eb\u10d0\u10d1\u10d5\u10d0:<\/strong> 380\/400\/415Vac(3Ph+N+PE)<\/span><\/li>\n<li><span style=\"color: #000000\"><strong>\u10dd\u10de\u10d4\u10e0\u10d0\u10ea\u10d8\u10e3\u10da\u10d8 \u10eb\u10d0\u10d1\u10d5\u10d8\u10e1 \u10d3\u10d8\u10d0\u10de\u10d0\u10d6\u10dd\u10dc\u10d8:<\/strong> 208-478 kva<\/span><\/li>\n<li><span style=\"color: #000000\"><strong>\u10dd\u10de\u10d4\u10e0\u10d0\u10ea\u10d8\u10e3\u10da\u10d8 \u10e1\u10d8\u10ee\u10e8\u10d8\u10e0\u10d8\u10e1 \u10d3\u10d8\u10d0\u10de\u10d0\u10d6\u10dd\u10dc\u10d8:<\/strong> 45~55Hz 50Hz \/ 54~66Hz 60Hz<\/span><\/li>\n<li><span style=\"color: #000000\"><strong>\u10e1\u10d8\u10db\u10eb\u10da\u10d0\u10d5\u10e0\u10d8\u10e1 \u10d9\u10dd\u10d4\u10e4\u10d8\u10ea\u10d8\u10d4\u10dc\u10e2\u10d8:<\/strong> \u22650,99<\/span><\/li>\n<li><span style=\"color: #000000\"><strong>\u10e8\u10d4\u10db\u10dd\u10d5\u10da\u10d8\u10d7\u10d8 \u10eb\u10d0\u10d1\u10d5\u10d0 \u10d3\u10d8\u10d0\u10de\u10d0\u10d6\u10dd\u10dc\u10d8:<\/strong> 380Vac \u10db\u10d0\u10e5\u10e1.\u10eb\u10d0\u10d1\u10d5\u10d0: +25%<\/span><\/li>\n<li><span style=\"color: #000000\"><strong>\u10e1\u10d8\u10ee\u10e8\u10d8\u10e0\u10d8\u10e1 \u10e1\u10d8\u10dc\u10e5\u10e0\u10dd\u10dc\u10d8\u10d6\u10d0\u10ea\u10d8\u10d8\u10e1 \u10e2\u10e0\u10d0\u10e1\u10d8\u10e0\u10d4\u10d1\u10d8\u10e1 \u10d3\u10d8\u10d0\u10de\u10d0\u10d6\u10dd\u10dc\u10d8:<\/strong> \u00b110%)<\/span><\/li>\n<li><span style=\"color: #000000\"><strong>\u10d2\u10d0\u10db\u10dd\u10db\u10d0\u10d5\u10d0\u10da\u10d8 \u10dc\u10dd\u10db\u10d8\u10dc\u10d0\u10da\u10e3\u10e0\u10d8 \u10eb\u10d0\u10d1\u10d5\u10d0:<\/strong> 380\/400\/415Vac (3Ph+N+PE)<\/span><\/li>\n<li><span style=\"color: #000000\"><strong>\u1c95\u10dd\u10da\u10e2\u10d0\u10df\u10d8 \u10e0\u10d4\u10d2\u10e3\u10da\u10d8\u10e0\u10d4\u10d1\u10d0:<\/strong> \u00b11%<\/span><\/li>\n<li><span style=\"color: #000000\"><strong>\u10d1\u10d0\u10e2\u10d0\u10e0\u10d4\u10d8\u10e1 \u10eb\u10d0\u10d1\u10d5\u10d0:<\/strong> \u00b1 120 \u10d5\u10d3\u10ea (20 \u10ea\u10d0\u10da\u10d8 12V9Ah);<\/span><\/li>\n<li><span style=\"color: #000000\"><strong>\u10d2\u10e0\u10eb\u10d4\u10da\u10d5\u10d0\u10d3\u10d8\u10d0\u10dc\u10d8 \u10d4\u10e0\u10d7\u10d4\u10e3\u10da\u10d8\u10e1 \u10d0\u10e0\u10e9\u10d4\u10d5\u10d8\u10d7\u10d8 \u10eb\u10d0\u10d1\u10d5\u10d0:<\/strong> \u00b196\/\u00b1108\/ \u00b1120Vdc(16\/18\/20<\/span><\/li>\n<li><strong><span style=\"color: #000000\">\u10e1\u10e0\u10e3\u10da\u10d8 \u10ea\u10d8\u10e4\u10e0\u10e3\u10da\u10d8 \u10d9\u10dd\u10dc\u10e2\u10e0\u10dd\u10da\u10d8 (DSP)<\/span><\/strong><\/li>\n<li><span style=\"color: #000000\"><strong>\u10d2\u10d0\u10db\u10dd\u10db\u10d0\u10d5\u10d0\u10da\u10d8 \u10e1\u10d8\u10db\u10eb\u10da\u10d0\u10d5\u10e0\u10d8\u10e1 \u10d9\u10dd\u10d4\u10e4\u10d8\u10ea\u10d8\u10d4\u10dc\u10e2\u10d8:<\/strong> 0.9<\/span><\/li>\n<li><span style=\"color: #000000\"><strong>\u10d4\u10d9\u10dd\u10dc\u10dd\u10db\u10d8\u10d9\u10e3\u10e0\u10d8 (ECO) \u10db\u10e3\u10e8\u10d0\u10dd\u10d1\u10d8\u10e1 \u10e0\u10d4\u10df\u10d8\u10db\u10d8\u10e1 \u10db\u10ee\u10d0\u10e0\u10d3\u10d0\u10ed\u10d4\u10e0\u10d0<\/strong><\/span><\/li>\n<li><span style=\"color: #000000\"><strong>\u10d1\u10d0\u10e2\u10d0\u10e0\u10d4\u10d8\u10e1 \u10e0\u10d0\u10dd\u10d3\u10d4\u10dc\u10dd\u10d1\u10d0:<\/strong> 10-30k (16\/18\/20 \u10ea\u10d0\u10da\u10d8 \u10e1\u10e3\u10e0\u10d5\u10d8\u10da\u10d8\u10e1\u10d0\u10db\u10d4\u10d1\u10e0), 40-80k (32\/34\/36\/38\/40 \u10ea.<\/span><span style=\"color: #000000\">\u10e1\u10e3\u10e0\u10d5\u10d8\u10da\u10d8\u10e1\u10d0\u10db\u10d4\u10d1\u10e0)<\/span><\/li>\n<li><span style=\"color: #000000\"><strong>\u10eb\u10d0\u10d1\u10d5\u10d8\u10e1 \u10e4\u10d0\u10e0\u10d7\u10dd \u10d3\u10d8\u10d0\u10de\u10d0\u10d6\u10dd\u10dc\u10d8: 2<\/strong>08 &#8211; 478Vac<\/span><\/li>\n<li><span style=\"color: #000000\"><strong>\u10e1\u10d8\u10ee\u10e8\u10d8\u10e0\u10d8\u10e1 \u10e4\u10d0\u10e0\u10d7\u10dd \u10d3\u10d8\u10d0\u10de\u10d0\u10d6\u10dd\u10dc\u10d8:<\/strong> 40 &#8211; 70Hz<\/span><\/li>\n<li><span style=\"color: #000000\"><strong>\u10e1\u10d0\u10d9\u10dd\u10db\u10e3\u10dc\u10d8\u10d9\u10d0\u10ea\u10d8\u10dd \u10de\u10dd\u10e0\u10e2\u10d8:<\/strong> USB, RS232, RS485<\/span><\/li>\n<li><span style=\"color: #000000\"><strong>\u10d3\u10d8\u10e1\u10de\u10da\u10d4\u10d8:<\/strong> \u10dd\u10e0\u10db\u10d0\u10d2\u10d8 LCD\/LED<\/span><\/li>\n<li><span style=\"color: #000000\"><strong>\u10d3\u10d0\u10e2\u10d4\u10dc\u10d5\u10d8\u10e1 \u10d8\u10dc\u10e2\u10d4\u10da\u10d4\u10e5\u10e2\u10e3\u10d0\u10da\u10e3\u10e0\u10d8 \u10db\u10d0\u10e0\u10d7\u10d5<\/strong>\u10d0<\/span><\/li>\n<li><span style=\"color: #000000\"><strong>\u10e1\u10d0\u10db\u10e3\u10e8\u10d0\u10dd \u10e2\u10d4\u10db\u10de\u10d4\u10e0\u10d0\u10e2\u10e3\u10e0\u10d0:<\/strong> 0\u2103 40\u2103<\/span><\/li>\n<li><span style=\"color: #000000\"><strong>\u10ee\u10db\u10d0\u10e3\u10e0\u10d8\u10e1 \u10d3\u10dd\u10dc\u10d4:<\/strong> 55dB; 58dB; 63dB<\/span><\/li>\n<li><span style=\"color: #000000\"><strong>\u10d6\u10dd\u10db\u10d0:<\/strong> 828\u00d7250\u00d7868 828\u00d7360\u00d7868 \u10db\u10db<\/span><\/li>\n<li><span style=\"color: #000000\"><strong>\u10e3\u10e1\u10d0\u10e4\u10e0\u10d7\u10ee\u10dd\u10d4\u10d1\u10d8\u10e1 \u10e1\u10e2\u10d0\u10dc\u10d3\u10d0\u10e0\u10e2\u10d8:<\/strong> IEC\/EN62040-1,IEC\/EN60950-1<\/span><span style=\"color: #000000\">EMC IEC\/EN62040-2, IEC61000-4-2, IEC61000-4-3, IEC61000-4-4, IEC61000-4-5,IEC61000-4-6,IEC61000-4-8<\/span><\/li>\n<\/ul>\n","protected":false},"featured_media":7990,"template":"","meta":[],"product_cat":[433,435],"product_tag":[],"class_list":{"0":"post-7987","1":"product","2":"type-product","3":"status-publish","4":"has-post-thumbnail","6":"product_cat-utsqhveti-kvebis-tsqharo-ups","7":"product_cat-online-ups-ka","8":"pa_armoring-armirebis-gareshe","10":"first","11":"instock","12":"shipping-taxable","13":"purchasable","14":"product-type-simple"},"_links":{"self":[{"href":"https:\/\/netconnect.ge\/ka\/wp-json\/wp\/v2\/product\/7987","targetHints":{"allow":["GET"]}}],"collection":[{"href":"https:\/\/netconnect.ge\/ka\/wp-json\/wp\/v2\/product"}],"about":[{"href":"https:\/\/netconnect.ge\/ka\/wp-json\/wp\/v2\/types\/product"}],"wp:featuredmedia":[{"embeddable":true,"href":"https:\/\/netconnect.ge\/ka\/wp-json\/wp\/v2\/media\/7990"}],"wp:attachment":[{"href":"https:\/\/netconnect.ge\/ka\/wp-json\/wp\/v2\/media?parent=7987"}],"wp:term":[{"taxonomy":"product_cat","embeddable":true,"href":"https:\/\/netconnect.ge\/ka\/wp-json\/wp\/v2\/product_cat?post=7987"},{"taxonomy":"product_tag","embeddable":true,"href":"https:\/\/netconnect.ge\/ka\/wp-json\/wp\/v2\/product_tag?post=7987"}],"curies":[{"name":"wp","href":"https:\/\/api.w.org\/{rel}","templated":true}]}}